{"id":7780,"date":"2023-03-05T16:24:54","date_gmt":"2023-03-05T15:24:54","guid":{"rendered":"https:\/\/olotgironalloret.org\/politica-de-privacidad\/"},"modified":"2024-02-08T11:13:28","modified_gmt":"2024-02-08T10:13:28","slug":"politica-de-privacidad","status":"publish","type":"page","link":"https:\/\/olotgironalloret.org\/es\/politica-de-privacidad\/","title":{"rendered":"Pol\u00edtica de privacidad"},"content":{"rendered":"\n<p><strong>1. RESPONSABLE DEL TRATAMIENTO<\/strong><\/p>\n\n<p>OGL MEETINGS (en adelante, el \u201cResponsable\u201d).<\/p>\n\n<p><strong>1.1.\nNormativa aplicable   <\/strong><\/p>\n\n<p>Nuestra Pol\u00edtica de Privacidad se ha dise\u00f1ado de acuerdo con el Reglamento General de Protecci\u00f3n de Datos de la UE 2016\/679 del Parlamento Europeo y del Consejo, de 27 de abril de 2016, relativo a la protecci\u00f3n de las personas f\u00edsicas por el con respecto al tratamiento de datos personales ya la libre circulaci\u00f3n de estos datos y por el que se deroga la Directiva 95\/46\/CE (Reglamento general de protecci\u00f3n de datos), y la Ley org\u00e1nica 3\/2018 de 5 de diciembre, de Protecci\u00f3n de Datos de Car\u00e1cter Personal y Garant\u00eda de los Derechos Digitales. <\/p>\n\n<p>Al facilitarnos sus datos, Usted declara haber le\u00eddo y conocer la presente Pol\u00edtica de Privacidad, prestando su consentimiento inequ\u00edvoco y expreso al tratamiento de sus datos personales de acuerdo con las finalidades y t\u00e9rminos aqu\u00ed expresados. <\/p>\n\n<p>La Empresa podr\u00e1 modificar la presente Pol\u00edtica de Privacidad para adaptarla a las novedades legislativas, jurisprudenciales o de interpretaci\u00f3n de la Agencia Espa\u00f1ola de Protecci\u00f3n de Datos. Estas condiciones de privacidad podr\u00e1n ser complementadas por el Aviso Legal, Pol\u00edtica de Cookies y las Condiciones Generales que, en su caso, se recojan para determinados productos o servicios si este acceso supone alguna especialidad en materia de protecci\u00f3n de datos de car\u00e1cter personal.  <\/p>\n\n<p><strong>1.2.\nResponsables de Protecci\u00f3 de Dades <\/strong><\/p>\n\n<p>OGL MEETINGS.<\/p>\n\n<p><strong>Girona City Convention Bureau<\/strong>. Pg. de la Devesa, 35. 17001 Girona. Tel.     872 08 07 09<\/p>\n\n<p><strong>Turisme Olot<\/strong>. Av. Onze de Setembre, 16. 17800 Olot. Tel.     972 27 16 00<\/p>\n\n<p><strong>Lloret Convention Bureau<\/strong>. Av. Alegries, 3. 17310 Lloret de Mar. Tel.     972 36 57 88<\/p>\n\n<p><strong>2. FINALIDAD DEL TRATAMIENTO DE LOS DATOS PERSONALES <\/strong><\/p>\n\n<p>El tratamiento que realizamos de sus datos personales responde a las siguientes finalidades: <\/p>\n\n<ul class=\"wp-block-list\">\n<li>Proporcionarle informaci\u00f3n relacionada con los productos y servicios que ofrece nuestra empresa y que detallan en este sitio web.<\/li>\n\n\n\n<li>Realizar la contrataci\u00f3n de nuestros servicios mediante la aceptaci\u00f3n del correspondiente presupuesto\/pedido y\/o la firma de un contrato mercantil. <\/li>\n\n\n\n<li>Enviarle por correo electr\u00f3nico y\/o postal las noticias y novedades sobre nuestra entidad, as\u00ed como las actualizaciones de nuestro cat\u00e1logo de productos y servicios.<\/li>\n<\/ul>\n\n<p><strong>2.1.\nTermini de Conservaci\u00f3 de les seves dades   <\/strong><\/p>\n\n<p>Conservaremos sus datos personales desde que nos d\u00e9 su consentimiento hasta que lo revoque o solicite la limitaci\u00f3n del tratamiento. En tales casos, mantendremos sus datos de forma bloqueada durante los plazos legalmente exigidos.  <\/p>\n\n<p><strong>3. LEGITIMACI\u00d3N Y DATOS RECAUDADOS <\/strong><\/p>\n\n<p>La legitimaci\u00f3n para el tratamiento de sus datos es el consentimiento expreso otorgado mediante un acto positivo y afirmativo (rellenar el formulario correspondiente y marcar la casilla de aceptaci\u00f3n de esta pol\u00edtica) en el momento de facilitarnos sus datos personales. <\/p>\n\n<p><strong>3.1.\nConsentiment per a tractar les seves dades   <\/strong><\/p>\n\n<p>Al rellenar los formularios, marcar la casilla \u201cAcepto la Pol\u00edtica de Privacidad\u201d y hacer clic para enviar los datos, o al remitir correos electr\u00f3nicos a la Empresa a trav\u00e9s de las cuentas habilitadas al efecto, el Usuario manifiesta haber le\u00eddo y aceptado expresamente la presente pol\u00edtica de privacidad, otorgando su consentimiento inequ\u00edvoco y expreso al tratamiento de sus datos personales conforme a los fines indicados. <\/p>\n\n<p><strong>3.2.\nCategories de dades   <\/strong><\/p>\n\n<p>Los datos recabados se refieren a la categor\u00eda de datos identificativos, como pueden ser: Nombre y Apellidos, Tel\u00e9fono, Direcci\u00f3n Postal, Empresa, Correo electr\u00f3nico, as\u00ed como la direcci\u00f3n IP desde donde accede al formulario de recogida de datos.<\/p>\n\n<p><strong>4. MEDIDAS DE SEGURIDAD <\/strong><\/p>\n\n<p>Dentro de nuestro compromiso por garantizar la seguridad y confidencialidad de sus datos de car\u00e1cter personal, le informamos que se han adoptado las medidas de \u00edndole t\u00e9cnica y organizativas necesarias para garantizar la seguridad de los datos de car\u00e1cter personal y evitar su alteraci\u00f3n, p\u00e9rdida, tratamiento o acceso no autorizado, teniendo en cuenta del estado de la tecnolog\u00eda, la naturaleza de los datos almacenados y los riesgos a que est\u00e9n expuestos, seg\u00fan el art. 32 del RGPD EU 679\/2016. <\/p>\n\n<p><strong>5. CESI\u00d3N DE DATOS <\/strong><\/p>\n\n<p>No se prev\u00e9n cesiones de datos ni transferencias internacionales de sus datos, con excepci\u00f3n de las autorizadas por la legislaci\u00f3n fiscal, mercantil y de telecomunicaciones as\u00ed como en aquellos casos en los que una autoridad judicial nos lo requiera.<\/p>\n\n<p><strong>6. DERECHOS DEL USUARIO <\/strong><\/p>\n\n<p>Cualquier interesado tiene derecho a obtener confirmaci\u00f3n sobre si estamos tratando datos personales que le conciernan, o no. Los interesados tienen derecho a acceder a sus datos personales, as\u00ed como a solicitar la rectificaci\u00f3n de los datos inexactos o, en su caso, solicitar su supresi\u00f3n cuando, entre otros motivos, los datos ya no sean necesarios para los fines que fueron recogidos. En determinadas circunstancias, los interesados podr\u00e1n solicitar la limitaci\u00f3n del tratamiento de sus datos, en cuyo caso \u00fanicamente los conservaremos para el ejercicio o la defensa de reclamaciones. Por motivos relacionados con su situaci\u00f3n particular, los interesados podr\u00e1n oponerse al tratamiento de sus datos. El Responsable del fichero dejar\u00e1 de tratar los datos, excepto por motivos imperiosos leg\u00edtimos, o el ejercicio o la defensa de posibles reclamaciones.<\/p>\n\n<p>De acuerdo con la legislaci\u00f3n vigente tiene los siguientes derechos: derecho a solicitar el acceso a sus datos personales, derecho a solicitar su rectificaci\u00f3n o supresi\u00f3n, derecho a solicitar la limitaci\u00f3n de su tratamiento, derecho a oponerse al tratamiento, derecho a la portabilidad de los datos y asimismo, a revocar el consentimiento otorgado. Asimismo, tendr\u00e1 derecho a presentar una reclamaci\u00f3n ante la Agencia Espa\u00f1ola de Protecci\u00f3n de Datos. <\/p>\n\n<p><strong>6.1. \u00bfC\u00f3mo ejercitar mis derechos? <\/strong><\/p>\n\n<p>Para ejercer sus derechos, debe dirigirse al responsable, solicitando el correspondiente formulario para el ejercicio del derecho elegido. Opcionalmente, puede acudir a la Autoridad de Control competente para obtener informaci\u00f3n adicional sobre sus derechos. Los datos de contacto para el ejercicio de sus derechos son el tel\u00e9fono 872 08 07 09 y el correo electr\u00f3nico: nprats@ajgirona.cat. Recuerde acompa\u00f1ar una copia de un documento que nos permita identificarle.<\/p>\n\n<p><strong>7.<\/strong> <strong>CONSENTIMIENTO PARA ENV\u00cdO DE COMUNICACIONES ELECTR\u00d3NICAS<\/strong><\/p>\n\n<p>Asimismo, y de acuerdo con lo que se establece en la Ley 34\/2002, de 11 de julio, de Servicios de la Sociedad de la Informaci\u00f3n y del Comercio Electr\u00f3nico, completando el formulario de recogida de datos y marcando la correspondiente casilla \u00abAcepto\u00bb est\u00e1 otorgando el consentimiento expreso para enviarle a su direcci\u00f3n de correo electr\u00f3nico, tel\u00e9fono, fax u otro medio electr\u00f3nico en env\u00edo de informaci\u00f3n sobre la Empresa.<\/p>\n","protected":false},"excerpt":{"rendered":"<p>1. RESPONSABLE DEL TRATAMIENTO OGL MEETINGS (en adelante, el \u201cResponsable\u201d). 1.1. Normativa aplicable Nuestra Pol\u00edtica de Privacidad se ha dise\u00f1ado de acuerdo con el Reglamento General de Protecci\u00f3n de Datos de la UE 2016\/679 del Parlamento Europeo y del Consejo, de 27 de abril de 2016, relativo a la protecci\u00f3n de las personas f\u00edsicas por [&hellip;]<\/p>\n","protected":false},"author":1,"featured_media":0,"parent":0,"menu_order":0,"comment_status":"closed","ping_status":"closed","template":"","meta":{"footnotes":""},"class_list":["post-7780","page","type-page","status-publish","hentry"],"yoast_head":"<!-- This site is optimized with the Yoast SEO plugin v27.3 - https:\/\/yoast.com\/product\/yoast-seo-wordpress\/ -->\n<title>Pol\u00edtica de privacidad - OGL Meetings<\/title>\n<meta name=\"robots\" content=\"index, follow, max-snippet:-1, max-image-preview:large, max-video-preview:-1\" \/>\n<link rel=\"canonical\" href=\"https:\/\/olotgironalloret.org\/es\/politica-de-privacidad\/\" \/>\n<meta property=\"og:locale\" content=\"es_ES\" \/>\n<meta property=\"og:type\" content=\"article\" \/>\n<meta property=\"og:title\" content=\"Pol\u00edtica de privacidad - OGL Meetings\" \/>\n<meta property=\"og:description\" content=\"1. RESPONSABLE DEL TRATAMIENTO OGL MEETINGS (en adelante, el \u201cResponsable\u201d). 1.1. Normativa aplicable Nuestra Pol\u00edtica de Privacidad se ha dise\u00f1ado de acuerdo con el Reglamento General de Protecci\u00f3n de Datos de la UE 2016\/679 del Parlamento Europeo y del Consejo, de 27 de abril de 2016, relativo a la protecci\u00f3n de las personas f\u00edsicas por [&hellip;]\" \/>\n<meta property=\"og:url\" content=\"https:\/\/olotgironalloret.org\/es\/politica-de-privacidad\/\" \/>\n<meta property=\"og:site_name\" content=\"OGL Meetings\" \/>\n<meta property=\"article:modified_time\" content=\"2024-02-08T10:13:28+00:00\" \/>\n<meta name=\"twitter:card\" content=\"summary_large_image\" \/>\n<meta name=\"twitter:label1\" content=\"Tiempo de lectura\" \/>\n\t<meta name=\"twitter:data1\" content=\"5 minutos\" \/>\n<script type=\"application\/ld+json\" class=\"yoast-schema-graph\">{\"@context\":\"https:\\\/\\\/schema.org\",\"@graph\":[{\"@type\":\"WebPage\",\"@id\":\"https:\\\/\\\/olotgironalloret.org\\\/es\\\/politica-de-privacidad\\\/\",\"url\":\"https:\\\/\\\/olotgironalloret.org\\\/es\\\/politica-de-privacidad\\\/\",\"name\":\"Pol\u00edtica de privacidad - OGL Meetings\",\"isPartOf\":{\"@id\":\"https:\\\/\\\/olotgironalloret.org\\\/es\\\/#website\"},\"datePublished\":\"2023-03-05T15:24:54+00:00\",\"dateModified\":\"2024-02-08T10:13:28+00:00\",\"breadcrumb\":{\"@id\":\"https:\\\/\\\/olotgironalloret.org\\\/es\\\/politica-de-privacidad\\\/#breadcrumb\"},\"inLanguage\":\"es\",\"potentialAction\":[{\"@type\":\"ReadAction\",\"target\":[\"https:\\\/\\\/olotgironalloret.org\\\/es\\\/politica-de-privacidad\\\/\"]}]},{\"@type\":\"BreadcrumbList\",\"@id\":\"https:\\\/\\\/olotgironalloret.org\\\/es\\\/politica-de-privacidad\\\/#breadcrumb\",\"itemListElement\":[{\"@type\":\"ListItem\",\"position\":1,\"name\":\"Inici\",\"item\":\"https:\\\/\\\/olotgironalloret.org\\\/es\\\/inicio\\\/\"},{\"@type\":\"ListItem\",\"position\":2,\"name\":\"Pol\u00edtica de privacidad\"}]},{\"@type\":\"WebSite\",\"@id\":\"https:\\\/\\\/olotgironalloret.org\\\/es\\\/#website\",\"url\":\"https:\\\/\\\/olotgironalloret.org\\\/es\\\/\",\"name\":\"OGL Meetings\",\"description\":\"MICE \\\/ Reunions Projecte Olot Girona Lloret\",\"potentialAction\":[{\"@type\":\"SearchAction\",\"target\":{\"@type\":\"EntryPoint\",\"urlTemplate\":\"https:\\\/\\\/olotgironalloret.org\\\/es\\\/?s={search_term_string}\"},\"query-input\":{\"@type\":\"PropertyValueSpecification\",\"valueRequired\":true,\"valueName\":\"search_term_string\"}}],\"inLanguage\":\"es\"}]}<\/script>\n<!-- \/ Yoast SEO plugin. -->","yoast_head_json":{"title":"Pol\u00edtica de privacidad - OGL Meetings","robots":{"index":"index","follow":"follow","max-snippet":"max-snippet:-1","max-image-preview":"max-image-preview:large","max-video-preview":"max-video-preview:-1"},"canonical":"https:\/\/olotgironalloret.org\/es\/politica-de-privacidad\/","og_locale":"es_ES","og_type":"article","og_title":"Pol\u00edtica de privacidad - OGL Meetings","og_description":"1. RESPONSABLE DEL TRATAMIENTO OGL MEETINGS (en adelante, el \u201cResponsable\u201d). 1.1. Normativa aplicable Nuestra Pol\u00edtica de Privacidad se ha dise\u00f1ado de acuerdo con el Reglamento General de Protecci\u00f3n de Datos de la UE 2016\/679 del Parlamento Europeo y del Consejo, de 27 de abril de 2016, relativo a la protecci\u00f3n de las personas f\u00edsicas por [&hellip;]","og_url":"https:\/\/olotgironalloret.org\/es\/politica-de-privacidad\/","og_site_name":"OGL Meetings","article_modified_time":"2024-02-08T10:13:28+00:00","twitter_card":"summary_large_image","twitter_misc":{"Tiempo de lectura":"5 minutos"},"schema":{"@context":"https:\/\/schema.org","@graph":[{"@type":"WebPage","@id":"https:\/\/olotgironalloret.org\/es\/politica-de-privacidad\/","url":"https:\/\/olotgironalloret.org\/es\/politica-de-privacidad\/","name":"Pol\u00edtica de privacidad - OGL Meetings","isPartOf":{"@id":"https:\/\/olotgironalloret.org\/es\/#website"},"datePublished":"2023-03-05T15:24:54+00:00","dateModified":"2024-02-08T10:13:28+00:00","breadcrumb":{"@id":"https:\/\/olotgironalloret.org\/es\/politica-de-privacidad\/#breadcrumb"},"inLanguage":"es","potentialAction":[{"@type":"ReadAction","target":["https:\/\/olotgironalloret.org\/es\/politica-de-privacidad\/"]}]},{"@type":"BreadcrumbList","@id":"https:\/\/olotgironalloret.org\/es\/politica-de-privacidad\/#breadcrumb","itemListElement":[{"@type":"ListItem","position":1,"name":"Inici","item":"https:\/\/olotgironalloret.org\/es\/inicio\/"},{"@type":"ListItem","position":2,"name":"Pol\u00edtica de privacidad"}]},{"@type":"WebSite","@id":"https:\/\/olotgironalloret.org\/es\/#website","url":"https:\/\/olotgironalloret.org\/es\/","name":"OGL Meetings","description":"MICE \/ Reunions Projecte Olot Girona Lloret","potentialAction":[{"@type":"SearchAction","target":{"@type":"EntryPoint","urlTemplate":"https:\/\/olotgironalloret.org\/es\/?s={search_term_string}"},"query-input":{"@type":"PropertyValueSpecification","valueRequired":true,"valueName":"search_term_string"}}],"inLanguage":"es"}]}},"_links":{"self":[{"href":"https:\/\/olotgironalloret.org\/es\/wp-json\/wp\/v2\/pages\/7780","targetHints":{"allow":["GET"]}}],"collection":[{"href":"https:\/\/olotgironalloret.org\/es\/wp-json\/wp\/v2\/pages"}],"about":[{"href":"https:\/\/olotgironalloret.org\/es\/wp-json\/wp\/v2\/types\/page"}],"author":[{"embeddable":true,"href":"https:\/\/olotgironalloret.org\/es\/wp-json\/wp\/v2\/users\/1"}],"replies":[{"embeddable":true,"href":"https:\/\/olotgironalloret.org\/es\/wp-json\/wp\/v2\/comments?post=7780"}],"version-history":[{"count":3,"href":"https:\/\/olotgironalloret.org\/es\/wp-json\/wp\/v2\/pages\/7780\/revisions"}],"predecessor-version":[{"id":7783,"href":"https:\/\/olotgironalloret.org\/es\/wp-json\/wp\/v2\/pages\/7780\/revisions\/7783"}],"wp:attachment":[{"href":"https:\/\/olotgironalloret.org\/es\/wp-json\/wp\/v2\/media?parent=7780"}],"curies":[{"name":"wp","href":"https:\/\/api.w.org\/{rel}","templated":true}]}}