{"id":7752,"date":"2023-07-19T09:10:07","date_gmt":"2023-07-19T07:10:07","guid":{"rendered":"https:\/\/olotgironalloret.org\/politique-de-cookies\/"},"modified":"2024-02-07T14:12:22","modified_gmt":"2024-02-07T13:12:22","slug":"politique-de-cookies","status":"publish","type":"page","link":"https:\/\/olotgironalloret.org\/fr\/politique-de-cookies\/","title":{"rendered":"Politique de cookies"},"content":{"rendered":"\n<p><strong>1. ORIGINES<\/strong><br\/>Conform\u00e9ment \u00e0 la r\u00e9glementation espagnole qui r\u00e9glemente l&rsquo;utilisation de cookies en relation avec la fourniture de services de communications \u00e9lectroniques, incluse dans l&rsquo;article 22.2 de la loi 34\/2002 du 11 juillet relative aux services de la soci\u00e9t\u00e9 de l&rsquo;information et du commerce \u00e9lectronique, nous vous informons sur les cookies utilis\u00e9s sur le site OGL MEETINGS et la raison de leur utilisation.<\/p>\n\n<p><strong>2. QUE SONT LES COOKIES<\/strong><br\/>Un cookie est un fichier t\u00e9l\u00e9charg\u00e9 sur votre ordinateur lorsque vous acc\u00e9dez \u00e0 certaines pages Web. Les cookies permettent, entre autres, \u00e0 une page Web de stocker et de r\u00e9cup\u00e9rer des informations sur les habitudes de navigation d&rsquo;un utilisateur ou de son ordinateur et, en fonction des informations qu&rsquo;ils contiennent et de la mani\u00e8re dont ils utilisent leur ordinateur, ils peuvent utiliser -se pour reconna\u00eetre l&rsquo;utilisateur. . Les cookies sont uniquement associ\u00e9s \u00e0 un utilisateur anonyme et \u00e0 son ordinateur ou appareil et ne fournissent pas de r\u00e9f\u00e9rences permettant de conna\u00eetre ses donn\u00e9es personnelles.  <\/p>\n\n<p><strong>3. TYPES DE COOKIES<br\/><\/strong><br\/><strong>3.1. Selon l&rsquo;entit\u00e9 qui les g\u00e8re <\/strong><\/p>\n\n<ul class=\"wp-block-list\">\n<li>a. <strong>Cookies propres<\/strong> : ce sont ceux qui sont envoy\u00e9s \u00e0 l&rsquo;\u00e9quipement terminal de l&rsquo;utilisateur \u00e0 partir d&rsquo;un ordinateur ou d&rsquo;un domaine g\u00e9r\u00e9 par l&rsquo;\u00e9diteur lui-m\u00eame et \u00e0 partir duquel est fourni le service demand\u00e9 par l&rsquo;utilisateur.<\/li>\n\n\n\n<li>b. <strong>Cookies tiers<\/strong> : ce sont ceux qui sont envoy\u00e9s \u00e0 l&rsquo;\u00e9quipement terminal de l&rsquo;utilisateur \u00e0 partir d&rsquo;un ordinateur ou d&rsquo;un domaine qui n&rsquo;est pas g\u00e9r\u00e9 par l&rsquo;\u00e9diteur, mais par une autre entit\u00e9 qui traite les donn\u00e9es obtenues gr\u00e2ce aux cookies.<\/li>\n<\/ul>\n\n<p><strong><br\/>3.2. Selon le but <\/strong><br\/>Les finalit\u00e9s d&rsquo;utilisation des cookies sont nombreuses. Selon la finalit\u00e9 pour laquelle les donn\u00e9es obtenues via les cookies sont trait\u00e9es, certaines des finalit\u00e9s peuvent \u00eatre : <\/p>\n\n<ul class=\"wp-block-list\">\n<li>a) <strong>Cookies techniques<\/strong> : ce sont ceux qui permettent \u00e0 l&rsquo;utilisateur de naviguer sur une page Web, une plateforme ou une application et d&rsquo;utiliser les diff\u00e9rentes options ou services qui y existent, y compris ceux que l&rsquo;\u00e9diteur utilise pour permettre la gestion et le fonctionnement du site Web. et activer ses fonctions et services, comme, par exemple, contr\u00f4ler le trafic et la communication de donn\u00e9es, identifier la session, acc\u00e9der aux parties \u00e0 acc\u00e8s restreint, m\u00e9moriser les \u00e9l\u00e9ments qui composent une commande, effectuer le processus d&rsquo;achat d&rsquo;une commande, g\u00e9rer le paiement, contr\u00f4ler fraude li\u00e9e \u00e0 la s\u00e9curit\u00e9 du service, faire la demande d&rsquo;inscription ou de participation \u00e0 un \u00e9v\u00e9nement, comptabiliser les visites aux fins de facturation des licences des logiciels avec lesquels fonctionne le service (site internet, plateforme ou application), utiliser des \u00e9l\u00e9ments de s\u00e9curit\u00e9 lors de la navigation, stocker du contenu pour la diffusion de vid\u00e9o ou de son, activer du contenu dynamique (par exemple, charger une animation d&rsquo;un texte ou d&rsquo;une image) ou partager du contenu via les r\u00e9seaux sociaux.<br\/>Les cookies techniques seront exempt\u00e9s des obligations \u00e9tablies \u00e0 l&rsquo;article 22.2 de la LSSI lorsqu&rsquo;ils permettent de fournir le service demand\u00e9 par l&rsquo;utilisateur, comme c&rsquo;est le cas des cookies list\u00e9s dans les paragraphes pr\u00e9c\u00e9dents. Toutefois, si ces cookies sont \u00e9galement utilis\u00e9s \u00e0 des fins non exempt\u00e9es (par exemple \u00e0 des fins de publicit\u00e9 comportementale), ils seront soumis \u00e0 ces obligations. <\/li>\n\n\n\n<li>b) <strong>Cookies de pr\u00e9f\u00e9rence ou de personnalisation<\/strong> : ce sont ceux qui permettent de m\u00e9moriser des informations afin que l&rsquo;utilisateur puisse acc\u00e9der au service avec certaines caract\u00e9ristiques qui peuvent diff\u00e9rencier son exp\u00e9rience de celle des autres utilisateurs, comme, par exemple, la langue, le nombre de des r\u00e9sultats \u00e0 afficher lorsque l&rsquo;utilisateur effectue une recherche, l&rsquo;apparence ou le contenu du service en fonction du type de navigateur par lequel l&rsquo;utilisateur acc\u00e8de au service ou de la r\u00e9gion \u00e0 partir de laquelle le service est acc\u00e9d\u00e9, etc.<br\/>Si c&rsquo;est l&rsquo;utilisateur lui-m\u00eame qui choisit ces fonctionnalit\u00e9s (par exemple, s&rsquo;il s\u00e9lectionne la langue d&rsquo;un site Internet en cliquant sur l&rsquo;ic\u00f4ne du drapeau du pays correspondant), les cookies seront exempt\u00e9s des obligations de l&rsquo;article 22.2 de la LSSI pour \u00eatre pris en compte. un service express\u00e9ment demand\u00e9 par l&rsquo;utilisateur, et ce dans la mesure o\u00f9 les cookies r\u00e9pondent exclusivement \u00e0 la finalit\u00e9 choisie.<\/li>\n\n\n\n<li>c) <strong>Cookies d&rsquo;analyse ou de mesure<\/strong> : ce sont ceux qui permettent \u00e0 leur responsable de suivre et d&rsquo;analyser le comportement des utilisateurs des sites Internet auxquels ils sont li\u00e9s, y compris la quantification de l&rsquo;impact des publicit\u00e9s. Les informations collect\u00e9es via ce type de cookies sont utilis\u00e9es pour mesurer l&rsquo;activit\u00e9 des sites Web, des applications ou des plateformes, dans le but d&rsquo;introduire des am\u00e9liorations bas\u00e9es sur l&rsquo;analyse des donn\u00e9es d&rsquo;utilisation effectu\u00e9es par les utilisateurs du service. <\/li>\n\n\n\n<li>d) <strong>Cookies de publicit\u00e9 comportementale<\/strong> : ce sont ceux qui stockent des informations sur le comportement des utilisateurs obtenues gr\u00e2ce \u00e0 l&rsquo;observation continue de leurs habitudes de navigation, ce qui permet de d\u00e9velopper un profil sp\u00e9cifique pour afficher des publicit\u00e9s bas\u00e9es sur celui-ci.<\/li>\n<\/ul>\n\n<p><\/p>\n\n<p>3.3.  <strong>Selon la dur\u00e9e, ils restent activ\u00e9s<\/strong><\/p>\n\n<ul class=\"wp-block-list\">\n<li>a) <strong>Cookies de session<\/strong> : sont ceux con\u00e7us pour collecter et stocker des donn\u00e9es lorsque l&rsquo;utilisateur acc\u00e8de \u00e0 une page Web. Ils sont g\u00e9n\u00e9ralement utilis\u00e9s pour stocker des informations qui n&rsquo;ont d&rsquo;int\u00e9r\u00eat \u00e0 conserver que pour la fourniture du service demand\u00e9 par l&rsquo;utilisateur \u00e0 une seule occasion (par exemple, une liste de produits achet\u00e9s) et disparaissent \u00e0 la fin de la session. <\/li>\n\n\n\n<li>b) <strong>Cookies persistants<\/strong> : ce sont ceux dans lesquels les donn\u00e9es sont encore stock\u00e9es dans le terminal et peuvent \u00eatre consult\u00e9es et trait\u00e9es pendant une dur\u00e9e d\u00e9finie par le responsable du cookie, qui peut aller de quelques minutes \u00e0 plusieurs ann\u00e9es.<br\/><\/li>\n<\/ul>\n\n<p><\/p>\n\n<p><strong>4. LISTE DES COOKIES UTILIS\u00c9S PAR CE SITE WEB<\/strong><br\/>L&rsquo;utilisation de cookies pr\u00e9sente des avantages dans la fourniture de services au sein de ce que l&rsquo;on appelle la soci\u00e9t\u00e9 de l&rsquo;information, car elle facilite la navigation et l&rsquo;acc\u00e8s de l&rsquo;utilisateur aux diff\u00e9rents services propos\u00e9s par ce site Internet ; \u00e9vite \u00e0 l&rsquo;utilisateur de devoir configurer les caract\u00e9ristiques g\u00e9n\u00e9rales pr\u00e9d\u00e9finies \u00e0 chaque fois qu&rsquo;il acc\u00e8de au site Internet ; favorise l&rsquo;am\u00e9lioration du fonctionnement et des services fournis \u00e0 travers ce site Web, apr\u00e8s l&rsquo;analyse correspondante des informations obtenues gr\u00e2ce aux cookies install\u00e9s.<\/p>\n\n<p><strong>5. R\u00c9VOCATION ET SUPPRESSION DES COOKIES <\/strong><br\/>Vous pouvez \u00e0 tout moment acc\u00e9der aux param\u00e8tres de votre navigateur en acceptant ou en refusant tous les cookies, ou en s\u00e9lectionnant ceux dont vous acceptez l&rsquo;installation et ceux que vous n&rsquo;acceptez pas, en suivant les proc\u00e9dures sp\u00e9cifiques du navigateur que vous utilisez.<\/p>\n\n<p><strong>6. PRESTATAIRES DE SERVICES TIERS<\/strong><br\/>Les prestataires tiers avec lesquels nous avons contract\u00e9 un service pour lequel l&rsquo;utilisation de cookies est n\u00e9cessaire sont ceux list\u00e9s ci-dessous :<\/p>\n\n<p><strong>Fournisseur<\/strong> :<br\/>GOOGLE INC<\/p>\n\n<p><strong>Finalit\u00e9 du service et cookies<\/strong> :<br\/>Analyse statistique du site Web au niveau du comptage des visiteurs, des pages visit\u00e9es, des mots-cl\u00e9s utilis\u00e9s, etc.<\/p>\n\n<p><strong>Informations sur le fournisseur<\/strong> :<br\/>http:\/\/www.google.es\/intl\/es\/policies\/privacy\/<\/p>\n","protected":false},"excerpt":{"rendered":"<p>1. ORIGINESConform\u00e9ment \u00e0 la r\u00e9glementation espagnole qui r\u00e9glemente l&rsquo;utilisation de cookies en relation avec la fourniture de services de communications \u00e9lectroniques, incluse dans l&rsquo;article 22.2 de la loi 34\/2002 du 11 juillet relative aux services de la soci\u00e9t\u00e9 de l&rsquo;information et du commerce \u00e9lectronique, nous vous informons sur les cookies utilis\u00e9s sur le site OGL [&hellip;]<\/p>\n","protected":false},"author":1,"featured_media":0,"parent":0,"menu_order":0,"comment_status":"closed","ping_status":"closed","template":"","meta":{"footnotes":""},"class_list":["post-7752","page","type-page","status-publish","hentry"],"yoast_head":"<!-- This site is optimized with the Yoast SEO plugin v27.3 - https:\/\/yoast.com\/product\/yoast-seo-wordpress\/ -->\n<title>Politique de cookies - OGL Meetings<\/title>\n<meta name=\"robots\" content=\"index, follow, max-snippet:-1, max-image-preview:large, max-video-preview:-1\" \/>\n<link rel=\"canonical\" href=\"https:\/\/olotgironalloret.org\/fr\/politique-de-cookies\/\" \/>\n<meta property=\"og:locale\" content=\"fr_FR\" \/>\n<meta property=\"og:type\" content=\"article\" \/>\n<meta property=\"og:title\" content=\"Politique de cookies - OGL Meetings\" \/>\n<meta property=\"og:description\" content=\"1. ORIGINESConform\u00e9ment \u00e0 la r\u00e9glementation espagnole qui r\u00e9glemente l&rsquo;utilisation de cookies en relation avec la fourniture de services de communications \u00e9lectroniques, incluse dans l&rsquo;article 22.2 de la loi 34\/2002 du 11 juillet relative aux services de la soci\u00e9t\u00e9 de l&rsquo;information et du commerce \u00e9lectronique, nous vous informons sur les cookies utilis\u00e9s sur le site OGL [&hellip;]\" \/>\n<meta property=\"og:url\" content=\"https:\/\/olotgironalloret.org\/fr\/politique-de-cookies\/\" \/>\n<meta property=\"og:site_name\" content=\"OGL Meetings\" \/>\n<meta property=\"article:modified_time\" content=\"2024-02-07T13:12:22+00:00\" \/>\n<meta name=\"twitter:card\" content=\"summary_large_image\" \/>\n<meta name=\"twitter:label1\" content=\"Dur\u00e9e de lecture estim\u00e9e\" \/>\n\t<meta name=\"twitter:data1\" content=\"6 minutes\" \/>\n<script type=\"application\/ld+json\" class=\"yoast-schema-graph\">{\"@context\":\"https:\\\/\\\/schema.org\",\"@graph\":[{\"@type\":\"WebPage\",\"@id\":\"https:\\\/\\\/olotgironalloret.org\\\/fr\\\/politique-de-cookies\\\/\",\"url\":\"https:\\\/\\\/olotgironalloret.org\\\/fr\\\/politique-de-cookies\\\/\",\"name\":\"Politique de cookies - OGL Meetings\",\"isPartOf\":{\"@id\":\"https:\\\/\\\/olotgironalloret.org\\\/fr\\\/#website\"},\"datePublished\":\"2023-07-19T07:10:07+00:00\",\"dateModified\":\"2024-02-07T13:12:22+00:00\",\"breadcrumb\":{\"@id\":\"https:\\\/\\\/olotgironalloret.org\\\/fr\\\/politique-de-cookies\\\/#breadcrumb\"},\"inLanguage\":\"fr-FR\",\"potentialAction\":[{\"@type\":\"ReadAction\",\"target\":[\"https:\\\/\\\/olotgironalloret.org\\\/fr\\\/politique-de-cookies\\\/\"]}]},{\"@type\":\"BreadcrumbList\",\"@id\":\"https:\\\/\\\/olotgironalloret.org\\\/fr\\\/politique-de-cookies\\\/#breadcrumb\",\"itemListElement\":[{\"@type\":\"ListItem\",\"position\":1,\"name\":\"Inici\",\"item\":\"https:\\\/\\\/olotgironalloret.org\\\/fr\\\/home\\\/\"},{\"@type\":\"ListItem\",\"position\":2,\"name\":\"Politique de cookies\"}]},{\"@type\":\"WebSite\",\"@id\":\"https:\\\/\\\/olotgironalloret.org\\\/fr\\\/#website\",\"url\":\"https:\\\/\\\/olotgironalloret.org\\\/fr\\\/\",\"name\":\"OGL Meetings\",\"description\":\"MICE \\\/ Reunions Projecte Olot Girona Lloret\",\"potentialAction\":[{\"@type\":\"SearchAction\",\"target\":{\"@type\":\"EntryPoint\",\"urlTemplate\":\"https:\\\/\\\/olotgironalloret.org\\\/fr\\\/?s={search_term_string}\"},\"query-input\":{\"@type\":\"PropertyValueSpecification\",\"valueRequired\":true,\"valueName\":\"search_term_string\"}}],\"inLanguage\":\"fr-FR\"}]}<\/script>\n<!-- \/ Yoast SEO plugin. -->","yoast_head_json":{"title":"Politique de cookies - OGL Meetings","robots":{"index":"index","follow":"follow","max-snippet":"max-snippet:-1","max-image-preview":"max-image-preview:large","max-video-preview":"max-video-preview:-1"},"canonical":"https:\/\/olotgironalloret.org\/fr\/politique-de-cookies\/","og_locale":"fr_FR","og_type":"article","og_title":"Politique de cookies - OGL Meetings","og_description":"1. ORIGINESConform\u00e9ment \u00e0 la r\u00e9glementation espagnole qui r\u00e9glemente l&rsquo;utilisation de cookies en relation avec la fourniture de services de communications \u00e9lectroniques, incluse dans l&rsquo;article 22.2 de la loi 34\/2002 du 11 juillet relative aux services de la soci\u00e9t\u00e9 de l&rsquo;information et du commerce \u00e9lectronique, nous vous informons sur les cookies utilis\u00e9s sur le site OGL [&hellip;]","og_url":"https:\/\/olotgironalloret.org\/fr\/politique-de-cookies\/","og_site_name":"OGL Meetings","article_modified_time":"2024-02-07T13:12:22+00:00","twitter_card":"summary_large_image","twitter_misc":{"Dur\u00e9e de lecture estim\u00e9e":"6 minutes"},"schema":{"@context":"https:\/\/schema.org","@graph":[{"@type":"WebPage","@id":"https:\/\/olotgironalloret.org\/fr\/politique-de-cookies\/","url":"https:\/\/olotgironalloret.org\/fr\/politique-de-cookies\/","name":"Politique de cookies - OGL Meetings","isPartOf":{"@id":"https:\/\/olotgironalloret.org\/fr\/#website"},"datePublished":"2023-07-19T07:10:07+00:00","dateModified":"2024-02-07T13:12:22+00:00","breadcrumb":{"@id":"https:\/\/olotgironalloret.org\/fr\/politique-de-cookies\/#breadcrumb"},"inLanguage":"fr-FR","potentialAction":[{"@type":"ReadAction","target":["https:\/\/olotgironalloret.org\/fr\/politique-de-cookies\/"]}]},{"@type":"BreadcrumbList","@id":"https:\/\/olotgironalloret.org\/fr\/politique-de-cookies\/#breadcrumb","itemListElement":[{"@type":"ListItem","position":1,"name":"Inici","item":"https:\/\/olotgironalloret.org\/fr\/home\/"},{"@type":"ListItem","position":2,"name":"Politique de cookies"}]},{"@type":"WebSite","@id":"https:\/\/olotgironalloret.org\/fr\/#website","url":"https:\/\/olotgironalloret.org\/fr\/","name":"OGL Meetings","description":"MICE \/ Reunions Projecte Olot Girona Lloret","potentialAction":[{"@type":"SearchAction","target":{"@type":"EntryPoint","urlTemplate":"https:\/\/olotgironalloret.org\/fr\/?s={search_term_string}"},"query-input":{"@type":"PropertyValueSpecification","valueRequired":true,"valueName":"search_term_string"}}],"inLanguage":"fr-FR"}]}},"_links":{"self":[{"href":"https:\/\/olotgironalloret.org\/fr\/wp-json\/wp\/v2\/pages\/7752","targetHints":{"allow":["GET"]}}],"collection":[{"href":"https:\/\/olotgironalloret.org\/fr\/wp-json\/wp\/v2\/pages"}],"about":[{"href":"https:\/\/olotgironalloret.org\/fr\/wp-json\/wp\/v2\/types\/page"}],"author":[{"embeddable":true,"href":"https:\/\/olotgironalloret.org\/fr\/wp-json\/wp\/v2\/users\/1"}],"replies":[{"embeddable":true,"href":"https:\/\/olotgironalloret.org\/fr\/wp-json\/wp\/v2\/comments?post=7752"}],"version-history":[{"count":1,"href":"https:\/\/olotgironalloret.org\/fr\/wp-json\/wp\/v2\/pages\/7752\/revisions"}],"predecessor-version":[{"id":7753,"href":"https:\/\/olotgironalloret.org\/fr\/wp-json\/wp\/v2\/pages\/7752\/revisions\/7753"}],"wp:attachment":[{"href":"https:\/\/olotgironalloret.org\/fr\/wp-json\/wp\/v2\/media?parent=7752"}],"curies":[{"name":"wp","href":"https:\/\/api.w.org\/{rel}","templated":true}]}}