{"id":7758,"date":"2023-07-19T09:09:58","date_gmt":"2023-07-19T07:09:58","guid":{"rendered":"https:\/\/olotgironalloret.org\/avertissement-juridique\/"},"modified":"2024-02-07T14:29:09","modified_gmt":"2024-02-07T13:29:09","slug":"avertissement-juridique","status":"publish","type":"page","link":"https:\/\/olotgironalloret.org\/fr\/avertissement-juridique\/","title":{"rendered":"Avertissement juridique"},"content":{"rendered":"\n<p><strong>Objet<\/strong><br\/><\/p>\n\n<p>OGL MEETINGS<\/p>\n\n<p>Le fournisseur, responsable du site Web, met \u00e0 la disposition des utilisateurs ce document avec lequel il entend respecter les obligations pr\u00e9vues par la loi 34\/2002, Services de la soci\u00e9t\u00e9 de l&rsquo;information et du commerce \u00e9lectronique (LSSI-CE), ainsi qu&rsquo;informer tous aux utilisateurs du site Internet des conditions d&rsquo;utilisation du site Internet.<br\/>Toute personne acc\u00e9dant \u00e0 ce site Web assume le r\u00f4le d&rsquo;utilisateur, s&rsquo;engageant \u00e0 respecter strictement les dispositions \u00e9nonc\u00e9es ici, ainsi que toute autre disposition l\u00e9gale qui pourrait \u00eatre applicable.<br\/>Le pr\u00eateur se r\u00e9serve le droit de modifier tout type d&rsquo;information qui pourrait appara\u00eetre sur le site Internet, sans que l&rsquo;obligation de pr\u00e9avis ou de sensibilisation des utilisateurs \u00e0 ces obligations, \u00e9tant entendue comme suffisante avec la publication sur le site Internet du pr\u00eateur.<\/p>\n\n<p><strong>Responsabilit\u00e9<\/strong><br\/>Le pr\u00eateur est exon\u00e9r\u00e9 de toute sorte de responsabilit\u00e9 d\u00e9riv\u00e9e des informations publi\u00e9es sur son site Internet, \u00e0 condition que ces informations aient \u00e9t\u00e9 manipul\u00e9es ou saisies par un tiers qui ne lui est pas li\u00e9.<br\/>Le site Web du fournisseur peut utiliser des cookies (petits fichiers d&rsquo;informations que le serveur envoie \u00e0 l&rsquo;ordinateur de ceux qui acc\u00e8dent \u00e0 la page) pour ex\u00e9cuter certaines fonctions consid\u00e9r\u00e9es comme essentielles au bon fonctionnement et \u00e0 l&rsquo;affichage du site. Les cookies utilis\u00e9s sur le site Internet ont en tout \u00e9tat de cause un caract\u00e8re temporaire dans le seul but de rendre plus efficace leur transmission ult\u00e9rieure et disparaissent \u00e0 la fin de la session de l&rsquo;utilisateur. En aucun cas les cookies ne seront utilis\u00e9s pour collecter des informations personnelles.  <\/p>\n\n<p>Depuis le site Internet du client, il est possible d&rsquo;\u00eatre redirig\u00e9 vers le contenu de sites Internet tiers. \u00c9tant donn\u00e9 que le fournisseur ne peut pas toujours contr\u00f4ler les contenus introduits par des tiers sur ses sites Internet, il n&rsquo;assume aucune responsabilit\u00e9 quant \u00e0 ces contenus. Dans tous les cas, le fournisseur d\u00e9clare qu&rsquo;il proc\u00e9dera au retrait imm\u00e9diat de tout contenu susceptible de contrevenir \u00e0 la l\u00e9gislation nationale ou internationale, \u00e0 la morale ou \u00e0 l&rsquo;ordre public, en proc\u00e9dant au retrait imm\u00e9diat de la redirection vers ce site Web, en informant les autorit\u00e9s comp\u00e9tentes du contenu en question.  <\/p>\n\n<p>Le fournisseur n&rsquo;est pas responsable des informations et du contenu stock\u00e9s, \u00e0 titre d&rsquo;exemple mais non limitatif, dans les forums, chats, g\u00e9n\u00e9rateurs de blogs, commentaires, r\u00e9seaux sociaux ou tout autre moyen permettant \u00e0 des tiers de publier du contenu de mani\u00e8re ind\u00e9pendante sur le site Web du pr\u00eateur. . Toutefois et conform\u00e9ment aux dispositions de l&rsquo;art. 11 et 16 du LSSI-CE, le fournisseur se met \u00e0 la disposition de tous les utilisateurs, autorit\u00e9s et forces de s\u00e9curit\u00e9, et collabore activement \u00e0 la suppression ou, le cas \u00e9ch\u00e9ant, au blocage de tous les contenus qui pourraient affecter ou contrevenir \u00e0 la l\u00e9gislation nationale ou internationale, aux droits. des tiers ou de la morale et de l&rsquo;ordre public. Si l&rsquo;utilisateur estime qu&rsquo;il existe un contenu sur le site Web susceptible d&rsquo;\u00eatre soumis \u00e0 cette classification, il est pri\u00e9 d&rsquo;en informer imm\u00e9diatement l&rsquo;administrateur du site Web.   <\/p>\n\n<p>Ce site Web a \u00e9t\u00e9 examin\u00e9 et test\u00e9 pour fonctionner correctement. En principe, le bon fonctionnement peut \u00eatre garanti 365 jours par an, 24 heures sur 24. Cependant, le fournisseur n&rsquo;exclut pas la possibilit\u00e9 que certaines erreurs de programmation se produisent ou qu&rsquo;elles deviennent des causes de force majeure, de catastrophes naturelles, de gr\u00e8ves ou de circonstances similaires rendant impossible l&rsquo;acc\u00e8s au site Web.  <\/p>\n\n<p><strong>Propri\u00e9t\u00e9 intellectuelle et industrielle<\/strong><br\/>Le site Internet, y compris mais sans s&rsquo;y limiter, sa programmation, son \u00e9dition, sa compilation et autres \u00e9l\u00e9ments n\u00e9cessaires \u00e0 son fonctionnement, les dessins, logos, textes et\/ou graphiques sont la propri\u00e9t\u00e9 du prestataire ou, le cas \u00e9ch\u00e9ant, dispose d&rsquo;une licence ou d&rsquo;une autorisation expresse de les auteurs. Tous les contenus du site Web sont d\u00fbment prot\u00e9g\u00e9s par la r\u00e9glementation en mati\u00e8re de propri\u00e9t\u00e9 intellectuelle et industrielle, ainsi qu&rsquo;inscrits dans les registres publics correspondants. <\/p>\n\n<p>Quelle que soit la finalit\u00e9 pour laquelle ils sont destin\u00e9s, la reproduction totale ou partielle, l&rsquo;utilisation, l&rsquo;exploitation, la distribution et la commercialisation n\u00e9cessitent dans tous les cas l&rsquo;autorisation \u00e9crite pr\u00e9alable du fournisseur. Toute utilisation non pr\u00e9alablement autoris\u00e9e par le pr\u00eateur sera consid\u00e9r\u00e9e comme une atteinte grave aux droits de propri\u00e9t\u00e9 intellectuelle ou industrielle de l&rsquo;auteur. <\/p>\n\n<p>Les dessins, logos, textes et\/ou graphiques n&rsquo;appartenant pas au prestataire et pouvant appara\u00eetre sur le site Web appartiennent \u00e0 leurs propri\u00e9taires respectifs, \u00e9tant eux-m\u00eames responsables de toute \u00e9ventuelle controverse qui pourrait survenir \u00e0 leur sujet. Dans tous les cas, le pr\u00eateur dispose de leur autorisation expresse et pr\u00e9alable. <\/p>\n\n<p>Le pr\u00eateur N&rsquo;AUTORISE PAS express\u00e9ment que des tiers puissent rediriger directement vers le contenu sp\u00e9cifique du site Web, qui doit en tout cas rediriger vers le site Web principal du pr\u00eateur.<\/p>\n\n<p>Le pr\u00eateur reconna\u00eet en faveur de leurs titulaires les droits de propri\u00e9t\u00e9 industrielle et intellectuelle correspondants, n&rsquo;impliquant pas leur simple mention ou apparition sur le site Internet l&rsquo;existence de droits ou une quelconque responsabilit\u00e9 du pr\u00eateur sur ceux-ci, ni un soutien, un parrainage ou une recommandation de sa part.<br\/>Pour faire tout type d&rsquo;observation concernant d&rsquo;\u00e9ventuelles violations des droits de propri\u00e9t\u00e9 intellectuelle ou industrielle, ainsi que sur tout contenu du site Web, vous pouvez le faire via l&rsquo;e-mail suivant.<\/p>\n\n<p><strong>V\u00e9racit\u00e9 des informations et mineurs.<\/strong><br\/>Toutes les informations fournies par l&rsquo;Utilisateur doivent \u00eatre v\u00e9ridiques. A cet effet, l&rsquo;Utilisateur garantit l&rsquo;authenticit\u00e9 des donn\u00e9es communiqu\u00e9es au travers des formulaires de souscription aux Services. Il sera de la responsabilit\u00e9 de l&rsquo;Utilisateur de maintenir \u00e0 jour en permanence toutes les informations fournies \u00e0 FOSTER THE MARKET SL afin qu&rsquo;elles r\u00e9pondent, \u00e0 tout moment, \u00e0 sa situation r\u00e9elle. En tout \u00e9tat de cause, l&rsquo;Utilisateur sera seul responsable des d\u00e9clarations fausses ou inexactes qu&rsquo;il fera et des dommages qu&rsquo;il causera au pr\u00eateur ou \u00e0 des tiers. Concernant l&rsquo;utilisation des services de ce site Web, les mineurs doivent toujours obtenir le consentement pr\u00e9alable de leurs parents, tuteurs ou repr\u00e9sentants l\u00e9gaux, qui sont en dernier ressort responsables de tous les actes accomplis par les mineurs dont ils ont la garde. La responsabilit\u00e9 de d\u00e9terminer les contenus sp\u00e9cifiques auxquels les mineurs acc\u00e8dent leur revient, c&rsquo;est pourquoi s&rsquo;ils acc\u00e8dent \u00e0 des contenus inappropri\u00e9s sur Internet, des m\u00e9canismes doivent \u00eatre mis en place sur leur ordinateur, notamment des programmes informatiques, des filtres et des blocages, qui permettent de limiter la contenus disponibles et, bien qu&rsquo;ils ne soient pas infaillibles, ils sont particuli\u00e8rement utiles pour contr\u00f4ler et restreindre les mat\u00e9riels auxquels les mineurs peuvent acc\u00e9der.     <\/p>\n\n<p><strong>Obligation de faire un usage correct du Web.<\/strong><br\/>L&rsquo;Utilisateur s&rsquo;engage \u00e0 utiliser le Site Internet conform\u00e9ment \u00e0 la Loi et aux pr\u00e9sentes Mentions L\u00e9gales, ainsi qu&rsquo;\u00e0 la morale et aux bonnes m\u0153urs. \u00c0 cette fin, l&rsquo;Utilisateur s&rsquo;abstiendra d&rsquo;utiliser la page \u00e0 des fins illicites ou interdites, pr\u00e9judiciables aux droits et int\u00e9r\u00eats de tiers, ou qui pourraient de quelque mani\u00e8re que ce soit endommager, rendre inutile, surcharger, d\u00e9t\u00e9riorer ou emp\u00eacher l&rsquo;utilisation normale de l&rsquo;\u00e9quipement informatique. ou des documents, fichiers et tous types de contenus stock\u00e9s dans tout \u00e9quipement informatique du prestataire. <br\/>Notamment et \u00e0 titre indicatif mais non exhaustif, l&rsquo;Utilisateur s&rsquo;engage \u00e0 ne pas transmettre, diffuser ou mettre \u00e0 disposition de tiers des informations, donn\u00e9es, contenus, messages, graphiques, dessins, fichiers sonores ou images, photographies, enregistrements, logiciels et, en g\u00e9n\u00e9ral, toute classe de mat\u00e9riel qui :<\/p>\n\n<ol class=\"wp-block-list\">\n<li>est contraire, m\u00e9prise ou porte atteinte aux droits fondamentaux et aux libert\u00e9s publiques reconnus constitutionnellement, dans les trait\u00e9s internationaux et autres r\u00e8gles en vigueur ;<\/li>\n\n\n\n<li>induit, incite ou promeut des actions criminelles, d\u00e9nigrantes, diffamatoires, violentes ou, en g\u00e9n\u00e9ral, contraires \u00e0 la loi, aux bonnes m\u0153urs et \u00e0 l&rsquo;ordre public ;<\/li>\n\n\n\n<li>induit, incite ou promeut des actions, attitudes ou pens\u00e9es discriminatoires sur la base du sexe, de la race, de la religion, des croyances, de l&rsquo;\u00e2ge ou de la condition ;<\/li>\n\n\n\n<li>est contraire au droit \u00e0 l&rsquo;honneur, \u00e0 l&rsquo;intimit\u00e9 personnelle ou familiale ou \u00e0 l&rsquo;image des personnes ;<\/li>\n\n\n\n<li>de quelque mani\u00e8re que ce soit, porter atteinte \u00e0 la cr\u00e9dibilit\u00e9 du pr\u00eateur ou de tiers ; je<\/li>\n\n\n\n<li>constitue une publicit\u00e9 ill\u00e9gale, trompeuse ou d\u00e9loyale.<\/li>\n<\/ol>\n\n<p><\/p>\n\n<p><strong>Loi applicable et juridiction.<\/strong><br\/>Pour la r\u00e9solution de toutes les controverses ou probl\u00e8mes li\u00e9s \u00e0 ce site Web ou aux activit\u00e9s qui y sont men\u00e9es, la l\u00e9gislation espagnole sera applicable, \u00e0 laquelle les parties se soumettent express\u00e9ment, \u00e9tant comp\u00e9tentes pour la r\u00e9solution de tous les conflits qui en r\u00e9sultent ou li\u00e9s \u00e0 son utilisation par les Espagnols. Cours et tribunaux.<\/p>\n","protected":false},"excerpt":{"rendered":"<p>Objet OGL MEETINGS Le fournisseur, responsable du site Web, met \u00e0 la disposition des utilisateurs ce document avec lequel il entend respecter les obligations pr\u00e9vues par la loi 34\/2002, Services de la soci\u00e9t\u00e9 de l&rsquo;information et du commerce \u00e9lectronique (LSSI-CE), ainsi qu&rsquo;informer tous aux utilisateurs du site Internet des conditions d&rsquo;utilisation du site Internet.Toute personne [&hellip;]<\/p>\n","protected":false},"author":1,"featured_media":0,"parent":0,"menu_order":0,"comment_status":"closed","ping_status":"closed","template":"","meta":{"footnotes":""},"class_list":["post-7758","page","type-page","status-publish","hentry"],"yoast_head":"<!-- This site is optimized with the Yoast SEO plugin v27.3 - https:\/\/yoast.com\/product\/yoast-seo-wordpress\/ -->\n<title>Avertissement juridique - OGL Meetings<\/title>\n<meta name=\"robots\" content=\"index, follow, max-snippet:-1, max-image-preview:large, max-video-preview:-1\" \/>\n<link rel=\"canonical\" href=\"https:\/\/olotgironalloret.org\/fr\/avertissement-juridique\/\" \/>\n<meta property=\"og:locale\" content=\"fr_FR\" \/>\n<meta property=\"og:type\" content=\"article\" \/>\n<meta property=\"og:title\" content=\"Avertissement juridique - OGL Meetings\" \/>\n<meta property=\"og:description\" content=\"Objet OGL MEETINGS Le fournisseur, responsable du site Web, met \u00e0 la disposition des utilisateurs ce document avec lequel il entend respecter les obligations pr\u00e9vues par la loi 34\/2002, Services de la soci\u00e9t\u00e9 de l&rsquo;information et du commerce \u00e9lectronique (LSSI-CE), ainsi qu&rsquo;informer tous aux utilisateurs du site Internet des conditions d&rsquo;utilisation du site Internet.Toute personne [&hellip;]\" \/>\n<meta property=\"og:url\" content=\"https:\/\/olotgironalloret.org\/fr\/avertissement-juridique\/\" \/>\n<meta property=\"og:site_name\" content=\"OGL Meetings\" \/>\n<meta property=\"article:modified_time\" content=\"2024-02-07T13:29:09+00:00\" \/>\n<meta name=\"twitter:card\" content=\"summary_large_image\" \/>\n<meta name=\"twitter:label1\" content=\"Dur\u00e9e de lecture estim\u00e9e\" \/>\n\t<meta name=\"twitter:data1\" content=\"7 minutes\" \/>\n<script type=\"application\/ld+json\" class=\"yoast-schema-graph\">{\"@context\":\"https:\\\/\\\/schema.org\",\"@graph\":[{\"@type\":\"WebPage\",\"@id\":\"https:\\\/\\\/olotgironalloret.org\\\/fr\\\/avertissement-juridique\\\/\",\"url\":\"https:\\\/\\\/olotgironalloret.org\\\/fr\\\/avertissement-juridique\\\/\",\"name\":\"Avertissement juridique - OGL Meetings\",\"isPartOf\":{\"@id\":\"https:\\\/\\\/olotgironalloret.org\\\/fr\\\/#website\"},\"datePublished\":\"2023-07-19T07:09:58+00:00\",\"dateModified\":\"2024-02-07T13:29:09+00:00\",\"breadcrumb\":{\"@id\":\"https:\\\/\\\/olotgironalloret.org\\\/fr\\\/avertissement-juridique\\\/#breadcrumb\"},\"inLanguage\":\"fr-FR\",\"potentialAction\":[{\"@type\":\"ReadAction\",\"target\":[\"https:\\\/\\\/olotgironalloret.org\\\/fr\\\/avertissement-juridique\\\/\"]}]},{\"@type\":\"BreadcrumbList\",\"@id\":\"https:\\\/\\\/olotgironalloret.org\\\/fr\\\/avertissement-juridique\\\/#breadcrumb\",\"itemListElement\":[{\"@type\":\"ListItem\",\"position\":1,\"name\":\"Inici\",\"item\":\"https:\\\/\\\/olotgironalloret.org\\\/fr\\\/home\\\/\"},{\"@type\":\"ListItem\",\"position\":2,\"name\":\"Avertissement juridique\"}]},{\"@type\":\"WebSite\",\"@id\":\"https:\\\/\\\/olotgironalloret.org\\\/fr\\\/#website\",\"url\":\"https:\\\/\\\/olotgironalloret.org\\\/fr\\\/\",\"name\":\"OGL Meetings\",\"description\":\"MICE \\\/ Reunions Projecte Olot Girona Lloret\",\"potentialAction\":[{\"@type\":\"SearchAction\",\"target\":{\"@type\":\"EntryPoint\",\"urlTemplate\":\"https:\\\/\\\/olotgironalloret.org\\\/fr\\\/?s={search_term_string}\"},\"query-input\":{\"@type\":\"PropertyValueSpecification\",\"valueRequired\":true,\"valueName\":\"search_term_string\"}}],\"inLanguage\":\"fr-FR\"}]}<\/script>\n<!-- \/ Yoast SEO plugin. -->","yoast_head_json":{"title":"Avertissement juridique - OGL Meetings","robots":{"index":"index","follow":"follow","max-snippet":"max-snippet:-1","max-image-preview":"max-image-preview:large","max-video-preview":"max-video-preview:-1"},"canonical":"https:\/\/olotgironalloret.org\/fr\/avertissement-juridique\/","og_locale":"fr_FR","og_type":"article","og_title":"Avertissement juridique - OGL Meetings","og_description":"Objet OGL MEETINGS Le fournisseur, responsable du site Web, met \u00e0 la disposition des utilisateurs ce document avec lequel il entend respecter les obligations pr\u00e9vues par la loi 34\/2002, Services de la soci\u00e9t\u00e9 de l&rsquo;information et du commerce \u00e9lectronique (LSSI-CE), ainsi qu&rsquo;informer tous aux utilisateurs du site Internet des conditions d&rsquo;utilisation du site Internet.Toute personne [&hellip;]","og_url":"https:\/\/olotgironalloret.org\/fr\/avertissement-juridique\/","og_site_name":"OGL Meetings","article_modified_time":"2024-02-07T13:29:09+00:00","twitter_card":"summary_large_image","twitter_misc":{"Dur\u00e9e de lecture estim\u00e9e":"7 minutes"},"schema":{"@context":"https:\/\/schema.org","@graph":[{"@type":"WebPage","@id":"https:\/\/olotgironalloret.org\/fr\/avertissement-juridique\/","url":"https:\/\/olotgironalloret.org\/fr\/avertissement-juridique\/","name":"Avertissement juridique - OGL Meetings","isPartOf":{"@id":"https:\/\/olotgironalloret.org\/fr\/#website"},"datePublished":"2023-07-19T07:09:58+00:00","dateModified":"2024-02-07T13:29:09+00:00","breadcrumb":{"@id":"https:\/\/olotgironalloret.org\/fr\/avertissement-juridique\/#breadcrumb"},"inLanguage":"fr-FR","potentialAction":[{"@type":"ReadAction","target":["https:\/\/olotgironalloret.org\/fr\/avertissement-juridique\/"]}]},{"@type":"BreadcrumbList","@id":"https:\/\/olotgironalloret.org\/fr\/avertissement-juridique\/#breadcrumb","itemListElement":[{"@type":"ListItem","position":1,"name":"Inici","item":"https:\/\/olotgironalloret.org\/fr\/home\/"},{"@type":"ListItem","position":2,"name":"Avertissement juridique"}]},{"@type":"WebSite","@id":"https:\/\/olotgironalloret.org\/fr\/#website","url":"https:\/\/olotgironalloret.org\/fr\/","name":"OGL Meetings","description":"MICE \/ Reunions Projecte Olot Girona Lloret","potentialAction":[{"@type":"SearchAction","target":{"@type":"EntryPoint","urlTemplate":"https:\/\/olotgironalloret.org\/fr\/?s={search_term_string}"},"query-input":{"@type":"PropertyValueSpecification","valueRequired":true,"valueName":"search_term_string"}}],"inLanguage":"fr-FR"}]}},"_links":{"self":[{"href":"https:\/\/olotgironalloret.org\/fr\/wp-json\/wp\/v2\/pages\/7758","targetHints":{"allow":["GET"]}}],"collection":[{"href":"https:\/\/olotgironalloret.org\/fr\/wp-json\/wp\/v2\/pages"}],"about":[{"href":"https:\/\/olotgironalloret.org\/fr\/wp-json\/wp\/v2\/types\/page"}],"author":[{"embeddable":true,"href":"https:\/\/olotgironalloret.org\/fr\/wp-json\/wp\/v2\/users\/1"}],"replies":[{"embeddable":true,"href":"https:\/\/olotgironalloret.org\/fr\/wp-json\/wp\/v2\/comments?post=7758"}],"version-history":[{"count":1,"href":"https:\/\/olotgironalloret.org\/fr\/wp-json\/wp\/v2\/pages\/7758\/revisions"}],"predecessor-version":[{"id":7759,"href":"https:\/\/olotgironalloret.org\/fr\/wp-json\/wp\/v2\/pages\/7758\/revisions\/7759"}],"wp:attachment":[{"href":"https:\/\/olotgironalloret.org\/fr\/wp-json\/wp\/v2\/media?parent=7758"}],"curies":[{"name":"wp","href":"https:\/\/api.w.org\/{rel}","templated":true}]}}