{"id":7776,"date":"2023-03-05T16:24:54","date_gmt":"2023-03-05T15:24:54","guid":{"rendered":"https:\/\/olotgironalloret.org\/politique-de-confidentialite\/"},"modified":"2024-02-08T11:07:04","modified_gmt":"2024-02-08T10:07:04","slug":"politique-de-confidentialite","status":"publish","type":"page","link":"https:\/\/olotgironalloret.org\/fr\/politique-de-confidentialite\/","title":{"rendered":"Politique de confidentialit\u00e9"},"content":{"rendered":"\n<p><strong>1. RESPONSABLE DU TRAITEMENT<\/strong><\/p>\n\n<p>OGL MEETINGS (ci-apr\u00e8s, le \u00ab Responsable \u00bb).<\/p>\n\n<p><strong>1.1.\nNormativa aplicable   <\/strong><\/p>\n\n<p>Notre Politique de Confidentialit\u00e9 a \u00e9t\u00e9 con\u00e7ue conform\u00e9ment au R\u00e8glement G\u00e9n\u00e9ral sur la Protection des Donn\u00e9es de l&rsquo;UE 2016\/679 du Parlement europ\u00e9en et du Conseil du 27 avril 2016 relatif \u00e0 la protection des personnes physiques \u00e0 l&rsquo;\u00e9gard du traitement des donn\u00e9es personnelles et la libre circulation de ces donn\u00e9es et qui abroge la directive 95\/46\/CE (R\u00e8glement g\u00e9n\u00e9ral sur la protection des donn\u00e9es) et la loi organique 3\/2018 du 5 d\u00e9cembre relative \u00e0 la protection des donn\u00e9es personnelles et \u00e0 la garantie des droits num\u00e9riques. <\/p>\n\n<p>En nous fournissant vos donn\u00e9es, vous d\u00e9clarez avoir lu et pris connaissance de cette politique de confidentialit\u00e9, donnant votre consentement sans \u00e9quivoque et expr\u00e8s au traitement de vos donn\u00e9es personnelles conform\u00e9ment aux finalit\u00e9s et conditions exprim\u00e9es ici. <\/p>\n\n<p>La Soci\u00e9t\u00e9 peut modifier cette politique de confidentialit\u00e9 pour l&rsquo;adapter \u00e0 la nouvelle l\u00e9gislation, \u00e0 la jurisprudence ou \u00e0 l&rsquo;interpr\u00e9tation de l&rsquo;Agence espagnole de protection des donn\u00e9es. Ces conditions de confidentialit\u00e9 peuvent \u00eatre compl\u00e9t\u00e9es par les Mentions L\u00e9gales, la Politique de Cookies et les Conditions G\u00e9n\u00e9rales qui, le cas \u00e9ch\u00e9ant, sont collect\u00e9es pour certains produits ou services, si cet acc\u00e8s implique une sp\u00e9cialit\u00e9 en mati\u00e8re de protection des donn\u00e9es personnelles.  <\/p>\n\n<p><strong>1.2.\nResponsables de Protecci\u00f3 de Dades <\/strong><\/p>\n\n<p>OGL MEETINGS.<\/p>\n\n<p><strong>Girona City Convention Bureau<\/strong>. Pg. de la Devesa, 35. 17001 Girona. Tel.     872 08 07 09<\/p>\n\n<p><strong>Turisme Olot<\/strong>. Av. Onze de Setembre, 16. 17800 Olot. Tel.     972 27 16 00<\/p>\n\n<p><strong>Lloret Convention Bureau<\/strong>. Av. Alegries, 3. 17310 Lloret de Mar. Tel.     972 36 57 88<\/p>\n\n<p><strong>2. OBJECTIF DU TRAITEMENT DE DONN\u00c9ES PERSONNELLES <\/strong><\/p>\n\n<p>Les traitements que nous effectuons de vos donn\u00e9es personnelles r\u00e9pondent aux finalit\u00e9s suivantes : <\/p>\n\n<ul class=\"wp-block-list\">\n<li>Vous fournir des informations relatives aux produits et services propos\u00e9s par notre soci\u00e9t\u00e9 et d\u00e9taill\u00e9s sur ce site Internet.<\/li>\n\n\n\n<li>R\u00e9aliser la sous-traitance de nos services en acceptant le budget correspondant\/demand\u00e9 et\/ou en signant un contrat commercial. <\/li>\n\n\n\n<li>Vous envoyer des nouvelles et des mises \u00e0 jour sur notre organisation par e-mail et\/ou par courrier, ainsi que des mises \u00e0 jour de notre catalogue de produits et services.<\/li>\n<\/ul>\n\n<p><strong>2.1.\nTermini de Conservaci\u00f3 de les seves dades   <\/strong><\/p>\n\n<p>Nous conserverons vos donn\u00e9es personnelles \u00e0 partir du moment o\u00f9 vous nous donnez votre consentement jusqu&rsquo;\u00e0 ce que vous le r\u00e9voquiez ou demandiez la limitation du traitement. Dans de tels cas, nous garderons vos donn\u00e9es bloqu\u00e9es pendant les p\u00e9riodes l\u00e9galement requises.  <\/p>\n\n<p><strong>3. L\u00c9GITIMATION ET DONN\u00c9ES COLLECT\u00c9ES <\/strong><\/p>\n\n<p>La l\u00e9gitimation pour le traitement de vos donn\u00e9es est le consentement expr\u00e8s accord\u00e9 par un acte positif et affirmatif (en remplissant le formulaire correspondant et en cochant la case d&rsquo;acceptation de cette politique) au moment de nous fournir vos donn\u00e9es personnelles. <\/p>\n\n<p><strong>3.1.\nConsentiment per a tractar les seves dades   <\/strong><\/p>\n\n<p>En remplissant les formulaires, en cochant la case \u00ab\u00a0J&rsquo;accepte la politique de confidentialit\u00e9\u00a0\u00bb et en cliquant pour envoyer les donn\u00e9es, ou en envoyant des e-mails \u00e0 la Soci\u00e9t\u00e9 via les comptes activ\u00e9s \u00e0 cet effet, l&rsquo;Utilisateur d\u00e9clare avoir lu et accept\u00e9 express\u00e9ment la pr\u00e9sente politique de confidentialit\u00e9. politique et donne son consentement sans \u00e9quivoque et expr\u00e8s au traitement de ses donn\u00e9es personnelles conform\u00e9ment aux finalit\u00e9s indiqu\u00e9es. <\/p>\n\n<p><strong>3.2.\nCategories de dades   <\/strong><\/p>\n\n<p>Les donn\u00e9es collect\u00e9es font r\u00e9f\u00e9rence \u00e0 la cat\u00e9gorie de donn\u00e9es d&rsquo;identification, telles que : Nom et Pr\u00e9nom, T\u00e9l\u00e9phone, Adresse postale, Soci\u00e9t\u00e9, Email, ainsi que l&rsquo;adresse IP \u00e0 partir de laquelle on acc\u00e8de au formulaire de collecte de donn\u00e9es.<\/p>\n\n<p><strong>4. MESURES DE S\u00c9CURIT\u00c9 <\/strong><\/p>\n\n<p>Dans le cadre de notre engagement \u00e0 garantir la s\u00e9curit\u00e9 et la confidentialit\u00e9 de vos donn\u00e9es personnelles, nous vous informons que les mesures techniques et organisationnelles n\u00e9cessaires ont \u00e9t\u00e9 adopt\u00e9es pour garantir la s\u00e9curit\u00e9 de vos donn\u00e9es personnelles et emp\u00eacher leur alt\u00e9ration, perte, traitement ou acc\u00e8s non autoris\u00e9, en prenant en tenant compte de l&rsquo;\u00e9tat de la technologie, de la nature des donn\u00e9es stock\u00e9es et des risques li\u00e9s au fait qu&rsquo;elles soient expos\u00e9es, conform\u00e9ment \u00e0 l&rsquo;art. 32 du RGPD UE 679\/2016. <\/p>\n\n<p><strong>5. TRANSFERT DE DONN\u00c9ES <\/strong><\/p>\n\n<p>Il n&rsquo;y a pas de transferts de donn\u00e9es ni de transferts internationaux de vos donn\u00e9es, \u00e0 l&rsquo;exception de ceux autoris\u00e9s par la l\u00e9gislation fiscale, commerciale et des t\u00e9l\u00e9communications, ainsi que dans les cas o\u00f9 une autorit\u00e9 judiciaire nous y oblige.<\/p>\n\n<p><strong>6. DROITS DE L&rsquo;UTILISATEUR <\/strong><\/p>\n\n<p>Toute personne int\u00e9ress\u00e9e a le droit d&rsquo;obtenir la confirmation si nous traitons ou non des donn\u00e9es personnelles la concernant. Les personnes int\u00e9ress\u00e9es ont le droit d&rsquo;acc\u00e9der \u00e0 leurs donn\u00e9es personnelles, ainsi que de demander la rectification de donn\u00e9es inexactes ou, le cas \u00e9ch\u00e9ant, de demander leur suppression lorsque, entre autres raisons, les donn\u00e9es ne sont plus n\u00e9cessaires aux fins pour lesquelles elles ont \u00e9t\u00e9 collect\u00e9es. Dans certaines circonstances, les parties int\u00e9ress\u00e9es peuvent demander la limitation du traitement de leurs donn\u00e9es, et dans ce cas nous les conserverons uniquement pour l&rsquo;exercice ou la d\u00e9fense de r\u00e9clamations. Pour des raisons li\u00e9es \u00e0 leur situation particuli\u00e8re, les int\u00e9ress\u00e9s peuvent s&rsquo;opposer au traitement de leurs donn\u00e9es. Le responsable du fichier cessera de traiter les donn\u00e9es, sauf motifs l\u00e9gitimes imp\u00e9rieux, ou pour l&rsquo;exercice ou la d\u00e9fense d&rsquo;\u00e9ventuelles r\u00e9clamations.    <\/p>\n\n<p>Conform\u00e9ment \u00e0 la l\u00e9gislation en vigueur, vous disposez des droits suivants : droit de demander l&rsquo;acc\u00e8s \u00e0 vos donn\u00e9es personnelles, droit de demander leur rectification ou leur suppression, droit de demander la limitation de leur traitement, droit de vous opposer au traitement, droit \u00e0 la portabilit\u00e9 des donn\u00e9es et de m\u00eame, r\u00e9voquer le consentement accord\u00e9. Vous avez \u00e9galement le droit de d\u00e9poser une r\u00e9clamation aupr\u00e8s de l&rsquo;Agence espagnole de protection des donn\u00e9es.  <\/p>\n\n<p><strong>6.1.\nCom exercitar els meus drets?   <\/strong><\/p>\n\n<p>Pour exercer vos droits, vous devez contacter le responsable en demandant le formulaire correspondant pour l&rsquo;exercice du droit choisi. En option, vous pouvez vous adresser \u00e0 l&rsquo;autorit\u00e9 de contr\u00f4le comp\u00e9tente pour obtenir des informations compl\u00e9mentaires sur vos droits. Les coordonn\u00e9es pour exercer vos droits sont le t\u00e9l\u00e9phone 872 08 07 09 et l&rsquo;e-mail : nprats@ajgirona.cat. Pensez \u00e0 accompagner une copie d&rsquo;un document nous permettant de vous identifier.   <\/p>\n\n<p><strong>7.<\/strong> <strong>CONSENTEMENT POUR L&rsquo;ENVOI DE COMMUNICATIONS \u00c9LECTRONIQUES<\/strong><\/p>\n\n<p>De m\u00eame, et conform\u00e9ment \u00e0 ce qui est \u00e9tabli dans la loi 34\/2002 du 11 juillet relative aux services de la soci\u00e9t\u00e9 de l&rsquo;information et du commerce \u00e9lectronique, le fait de remplir le formulaire de collecte de donn\u00e9es et de cocher la case correspondante \u00ab J&rsquo;accepte \u00bb vaut consentement expr\u00e8s \u00e0 envoyer \u00e0 votre adresse e-mail, votre t\u00e9l\u00e9phone, votre fax ou tout autre moyen \u00e9lectronique pour envoyer des informations sur la Soci\u00e9t\u00e9.<\/p>\n","protected":false},"excerpt":{"rendered":"<p>1. RESPONSABLE DU TRAITEMENT OGL MEETINGS (ci-apr\u00e8s, le \u00ab Responsable \u00bb). 1.1. Normativa aplicable Notre Politique de Confidentialit\u00e9 a \u00e9t\u00e9 con\u00e7ue conform\u00e9ment au R\u00e8glement G\u00e9n\u00e9ral sur la Protection des Donn\u00e9es de l&rsquo;UE 2016\/679 du Parlement europ\u00e9en et du Conseil du 27 avril 2016 relatif \u00e0 la protection des personnes physiques \u00e0 l&rsquo;\u00e9gard du traitement des [&hellip;]<\/p>\n","protected":false},"author":1,"featured_media":0,"parent":0,"menu_order":0,"comment_status":"closed","ping_status":"closed","template":"","meta":{"footnotes":""},"class_list":["post-7776","page","type-page","status-publish","hentry"],"yoast_head":"<!-- This site is optimized with the Yoast SEO plugin v27.3 - https:\/\/yoast.com\/product\/yoast-seo-wordpress\/ -->\n<title>Politique de confidentialit\u00e9 - OGL Meetings<\/title>\n<meta name=\"robots\" content=\"index, follow, max-snippet:-1, max-image-preview:large, max-video-preview:-1\" \/>\n<link rel=\"canonical\" href=\"https:\/\/olotgironalloret.org\/fr\/politique-de-confidentialite\/\" \/>\n<meta property=\"og:locale\" content=\"fr_FR\" \/>\n<meta property=\"og:type\" content=\"article\" \/>\n<meta property=\"og:title\" content=\"Politique de confidentialit\u00e9 - OGL Meetings\" \/>\n<meta property=\"og:description\" content=\"1. RESPONSABLE DU TRAITEMENT OGL MEETINGS (ci-apr\u00e8s, le \u00ab Responsable \u00bb). 1.1. Normativa aplicable Notre Politique de Confidentialit\u00e9 a \u00e9t\u00e9 con\u00e7ue conform\u00e9ment au R\u00e8glement G\u00e9n\u00e9ral sur la Protection des Donn\u00e9es de l&rsquo;UE 2016\/679 du Parlement europ\u00e9en et du Conseil du 27 avril 2016 relatif \u00e0 la protection des personnes physiques \u00e0 l&rsquo;\u00e9gard du traitement des [&hellip;]\" \/>\n<meta property=\"og:url\" content=\"https:\/\/olotgironalloret.org\/fr\/politique-de-confidentialite\/\" \/>\n<meta property=\"og:site_name\" content=\"OGL Meetings\" \/>\n<meta property=\"article:modified_time\" content=\"2024-02-08T10:07:04+00:00\" \/>\n<meta name=\"twitter:card\" content=\"summary_large_image\" \/>\n<meta name=\"twitter:label1\" content=\"Dur\u00e9e de lecture estim\u00e9e\" \/>\n\t<meta name=\"twitter:data1\" content=\"6 minutes\" \/>\n<script type=\"application\/ld+json\" class=\"yoast-schema-graph\">{\"@context\":\"https:\\\/\\\/schema.org\",\"@graph\":[{\"@type\":\"WebPage\",\"@id\":\"https:\\\/\\\/olotgironalloret.org\\\/fr\\\/politique-de-confidentialite\\\/\",\"url\":\"https:\\\/\\\/olotgironalloret.org\\\/fr\\\/politique-de-confidentialite\\\/\",\"name\":\"Politique de confidentialit\u00e9 - OGL Meetings\",\"isPartOf\":{\"@id\":\"https:\\\/\\\/olotgironalloret.org\\\/fr\\\/#website\"},\"datePublished\":\"2023-03-05T15:24:54+00:00\",\"dateModified\":\"2024-02-08T10:07:04+00:00\",\"breadcrumb\":{\"@id\":\"https:\\\/\\\/olotgironalloret.org\\\/fr\\\/politique-de-confidentialite\\\/#breadcrumb\"},\"inLanguage\":\"fr-FR\",\"potentialAction\":[{\"@type\":\"ReadAction\",\"target\":[\"https:\\\/\\\/olotgironalloret.org\\\/fr\\\/politique-de-confidentialite\\\/\"]}]},{\"@type\":\"BreadcrumbList\",\"@id\":\"https:\\\/\\\/olotgironalloret.org\\\/fr\\\/politique-de-confidentialite\\\/#breadcrumb\",\"itemListElement\":[{\"@type\":\"ListItem\",\"position\":1,\"name\":\"Inici\",\"item\":\"https:\\\/\\\/olotgironalloret.org\\\/fr\\\/home\\\/\"},{\"@type\":\"ListItem\",\"position\":2,\"name\":\"Politique de confidentialit\u00e9\"}]},{\"@type\":\"WebSite\",\"@id\":\"https:\\\/\\\/olotgironalloret.org\\\/fr\\\/#website\",\"url\":\"https:\\\/\\\/olotgironalloret.org\\\/fr\\\/\",\"name\":\"OGL Meetings\",\"description\":\"MICE \\\/ Reunions Projecte Olot Girona Lloret\",\"potentialAction\":[{\"@type\":\"SearchAction\",\"target\":{\"@type\":\"EntryPoint\",\"urlTemplate\":\"https:\\\/\\\/olotgironalloret.org\\\/fr\\\/?s={search_term_string}\"},\"query-input\":{\"@type\":\"PropertyValueSpecification\",\"valueRequired\":true,\"valueName\":\"search_term_string\"}}],\"inLanguage\":\"fr-FR\"}]}<\/script>\n<!-- \/ Yoast SEO plugin. -->","yoast_head_json":{"title":"Politique de confidentialit\u00e9 - OGL Meetings","robots":{"index":"index","follow":"follow","max-snippet":"max-snippet:-1","max-image-preview":"max-image-preview:large","max-video-preview":"max-video-preview:-1"},"canonical":"https:\/\/olotgironalloret.org\/fr\/politique-de-confidentialite\/","og_locale":"fr_FR","og_type":"article","og_title":"Politique de confidentialit\u00e9 - OGL Meetings","og_description":"1. RESPONSABLE DU TRAITEMENT OGL MEETINGS (ci-apr\u00e8s, le \u00ab Responsable \u00bb). 1.1. Normativa aplicable Notre Politique de Confidentialit\u00e9 a \u00e9t\u00e9 con\u00e7ue conform\u00e9ment au R\u00e8glement G\u00e9n\u00e9ral sur la Protection des Donn\u00e9es de l&rsquo;UE 2016\/679 du Parlement europ\u00e9en et du Conseil du 27 avril 2016 relatif \u00e0 la protection des personnes physiques \u00e0 l&rsquo;\u00e9gard du traitement des [&hellip;]","og_url":"https:\/\/olotgironalloret.org\/fr\/politique-de-confidentialite\/","og_site_name":"OGL Meetings","article_modified_time":"2024-02-08T10:07:04+00:00","twitter_card":"summary_large_image","twitter_misc":{"Dur\u00e9e de lecture estim\u00e9e":"6 minutes"},"schema":{"@context":"https:\/\/schema.org","@graph":[{"@type":"WebPage","@id":"https:\/\/olotgironalloret.org\/fr\/politique-de-confidentialite\/","url":"https:\/\/olotgironalloret.org\/fr\/politique-de-confidentialite\/","name":"Politique de confidentialit\u00e9 - OGL Meetings","isPartOf":{"@id":"https:\/\/olotgironalloret.org\/fr\/#website"},"datePublished":"2023-03-05T15:24:54+00:00","dateModified":"2024-02-08T10:07:04+00:00","breadcrumb":{"@id":"https:\/\/olotgironalloret.org\/fr\/politique-de-confidentialite\/#breadcrumb"},"inLanguage":"fr-FR","potentialAction":[{"@type":"ReadAction","target":["https:\/\/olotgironalloret.org\/fr\/politique-de-confidentialite\/"]}]},{"@type":"BreadcrumbList","@id":"https:\/\/olotgironalloret.org\/fr\/politique-de-confidentialite\/#breadcrumb","itemListElement":[{"@type":"ListItem","position":1,"name":"Inici","item":"https:\/\/olotgironalloret.org\/fr\/home\/"},{"@type":"ListItem","position":2,"name":"Politique de confidentialit\u00e9"}]},{"@type":"WebSite","@id":"https:\/\/olotgironalloret.org\/fr\/#website","url":"https:\/\/olotgironalloret.org\/fr\/","name":"OGL Meetings","description":"MICE \/ Reunions Projecte Olot Girona Lloret","potentialAction":[{"@type":"SearchAction","target":{"@type":"EntryPoint","urlTemplate":"https:\/\/olotgironalloret.org\/fr\/?s={search_term_string}"},"query-input":{"@type":"PropertyValueSpecification","valueRequired":true,"valueName":"search_term_string"}}],"inLanguage":"fr-FR"}]}},"_links":{"self":[{"href":"https:\/\/olotgironalloret.org\/fr\/wp-json\/wp\/v2\/pages\/7776","targetHints":{"allow":["GET"]}}],"collection":[{"href":"https:\/\/olotgironalloret.org\/fr\/wp-json\/wp\/v2\/pages"}],"about":[{"href":"https:\/\/olotgironalloret.org\/fr\/wp-json\/wp\/v2\/types\/page"}],"author":[{"embeddable":true,"href":"https:\/\/olotgironalloret.org\/fr\/wp-json\/wp\/v2\/users\/1"}],"replies":[{"embeddable":true,"href":"https:\/\/olotgironalloret.org\/fr\/wp-json\/wp\/v2\/comments?post=7776"}],"version-history":[{"count":3,"href":"https:\/\/olotgironalloret.org\/fr\/wp-json\/wp\/v2\/pages\/7776\/revisions"}],"predecessor-version":[{"id":7779,"href":"https:\/\/olotgironalloret.org\/fr\/wp-json\/wp\/v2\/pages\/7776\/revisions\/7779"}],"wp:attachment":[{"href":"https:\/\/olotgironalloret.org\/fr\/wp-json\/wp\/v2\/media?parent=7776"}],"curies":[{"name":"wp","href":"https:\/\/api.w.org\/{rel}","templated":true}]}}